{"id":263,"date":"2025-07-06T19:06:42","date_gmt":"2025-07-06T17:06:42","guid":{"rendered":"https:\/\/eaudelure.org\/?page_id=263"},"modified":"2025-07-28T11:35:06","modified_gmt":"2025-07-28T09:35:06","slug":"faire-un-don","status":"publish","type":"page","link":"https:\/\/eaudelure.org\/index.php\/faire-un-don\/","title":{"rendered":"Faire un don"},"content":{"rendered":"\r\n<p>Vous pouvez faire un don \u00e0 l&rsquo;association des Usagers de l&rsquo;eau Lure-Forcalquier, qui a cr\u00e9\u00e9 et alimente ce site Web.<\/p>\r\n<p>Si vous n&rsquo;\u00eates pas d\u00e9j\u00e0 adh\u00e9rent, utilisez plut\u00f4t <a href=\"https:\/\/eaudelure.org\/index.php\/adherer\/\">la page d&rsquo;adh\u00e9sion<\/a>.<\/p>\r\n<p>Pour effectuer un don, vous pouvez utiliser la voie postale ou le paiement par carte de cr\u00e9dit en ligne.<\/p>\r\n<p>Par voie postale, envoyez un ch\u00e8que en vous identifiant (nom et coordonn\u00e9es) \u00e0&nbsp;:<\/p>\r\n<p><strong>Usagers de l\u2019eau Lure-Forcalquier<\/strong><br \/>79, rue Tras les Ouers <br \/>04230 Saint-Etienne-les-Orgues<\/p>\r\n<p>Par carte de cr\u00e9dit utilisez l&rsquo;interface ci-dessous.<\/p>\r\n<p>\r\n\r\n<\/p>\n\r\n\r\n\t\t\t<iframe\n\t\t\t\tid=\"idIframe\"\n\t\t\t\tsrc=\"https:\/\/www.helloasso.com\/associations\/association-des-usagers-de-l-eau-de-la-communaute-de-communes-pays-de-forcalquier-montagne-de-lure\/formulaires\/1\/widget-bouton\"\n\t\t\t\theight=70px\"\t\t\t\twidth=200px\"\t\t\t\tframeborder=\"0\"\n\t\t\t\tloading=\"lazy\"\n\t\t\t\tallowtransparency=\"true\"\n\t\t\t\tonload=\"resizeIframeMessage()\"><\/iframe>\n\n","protected":false},"excerpt":{"rendered":"<p>Vous pouvez faire un don \u00e0 l&rsquo;association des Usagers de l&rsquo;eau Lure-Forcalquier, qui a cr\u00e9\u00e9 et alimente ce site Web. Si vous n&rsquo;\u00eates pas d\u00e9j\u00e0 adh\u00e9rent, utilisez plut\u00f4t la page d&rsquo;adh\u00e9sion. Pour effectuer un don, vous pouvez utiliser la voie postale ou le paiement par carte de cr\u00e9dit en ligne. Par voie postale, envoyez un ch\u00e8que en vous identifiant (nom et coordonn\u00e9es) \u00e0&nbsp;: Usagers de l\u2019eau Lure-Forcalquier79, rue Tras les Ouers 04230 Saint-Etienne-les-Orgues Par carte de cr\u00e9dit utilisez l&rsquo;interface ci-dessous.<\/p>\n","protected":false},"author":3,"featured_media":0,"parent":0,"menu_order":0,"comment_status":"closed","ping_status":"closed","template":"","meta":{"advanced_seo_description":"","jetpack_seo_html_title":"","jetpack_seo_noindex":false,"footnotes":""},"class_list":["post-263","page","type-page","status-publish","hentry"],"jetpack_sharing_enabled":true,"_links":{"self":[{"href":"https:\/\/eaudelure.org\/index.php\/wp-json\/wp\/v2\/pages\/263","targetHints":{"allow":["GET"]}}],"collection":[{"href":"https:\/\/eaudelure.org\/index.php\/wp-json\/wp\/v2\/pages"}],"about":[{"href":"https:\/\/eaudelure.org\/index.php\/wp-json\/wp\/v2\/types\/page"}],"author":[{"embeddable":true,"href":"https:\/\/eaudelure.org\/index.php\/wp-json\/wp\/v2\/users\/3"}],"replies":[{"embeddable":true,"href":"https:\/\/eaudelure.org\/index.php\/wp-json\/wp\/v2\/comments?post=263"}],"version-history":[{"count":3,"href":"https:\/\/eaudelure.org\/index.php\/wp-json\/wp\/v2\/pages\/263\/revisions"}],"predecessor-version":[{"id":301,"href":"https:\/\/eaudelure.org\/index.php\/wp-json\/wp\/v2\/pages\/263\/revisions\/301"}],"wp:attachment":[{"href":"https:\/\/eaudelure.org\/index.php\/wp-json\/wp\/v2\/media?parent=263"}],"curies":[{"name":"wp","href":"https:\/\/api.w.org\/{rel}","templated":true}]}}