{"id":14,"date":"2025-06-20T12:43:41","date_gmt":"2025-06-20T10:43:41","guid":{"rendered":"https:\/\/eaudelure.org\/?page_id=14"},"modified":"2025-07-06T19:11:58","modified_gmt":"2025-07-06T17:11:58","slug":"qui-sommes-nous","status":"publish","type":"page","link":"https:\/\/eaudelure.org\/index.php\/qui-sommes-nous\/","title":{"rendered":"Qui sommes-nous&nbsp;?"},"content":{"rendered":"<p>Qui sommes-nous&nbsp;?<\/p>\n<p>Les instigateurs de ce mouvement habitent nos communes, s&rsquo;int\u00e9ressent \u00e0 leur vie citoyenne et aussi \u00e0 l&rsquo;\u00e9cologie, et \u00e0 ce titre observent avec un regard critique les d\u00e9cisions de ceux qui, \u00e0 diff\u00e9rents \u00e9tages de la hi\u00e9rarchie politique, nous gouvernent.<\/p>\n<p>La question de l&rsquo;eau est \u00e0 l&rsquo;origine de ce regroupement, quand nous avons lanc\u00e9 une p\u00e9tition \u00e0 l&rsquo;\u00e9t\u00e9 2023 pour aller contre l&rsquo;intention de la Communaut\u00e9 de communes Pays de Forcalquier-Montagne de Lure (la n\u00f4tre) de livrer toutes nos communes \u00e0 la Soci\u00e9t\u00e9 des eaux de Marseille. En quelques semaines nous avons recueilli 1300 signatures&nbsp;: tous ceux \u00e0 qui la p\u00e9tition \u00e9tait pr\u00e9sent\u00e9e, de droite ou de gauche, ont exprim\u00e9 leur engagement profond pour leur eau et l&rsquo;intention d&rsquo;en conserver la ma\u00eetrise.<\/p>\n<p>Mais l&rsquo;actualit\u00e9 politique a eu raison de cette menace communautaire, et nous avons choisi un nouveau cap&nbsp;: celui de peser sur les \u00e9lections municipales de 2026 avec des propositions argument\u00e9es pour une gestion socialement et \u00e9cologiquement responsable. Le programme de cette d\u00e9marche est r\u00e9parti en quatre axes&nbsp;: la tarification de l&rsquo;eau potable, la gestion durable du petit cycle de l&rsquo;eau, le p\u00e9rim\u00e8tre optimal de mutualisation pour les communes de notre secteur et l&rsquo;assembl\u00e9e citoyenne qui permettra une gestion participative et d\u00e9mocratique des enjeux.<\/p>\n<p>Notre association, responsable l\u00e9gale de ce site, est celle des Usagers de l&rsquo;eau Lure-Forcalquier.<\/p>\n<p>Pour nous \u00e9crire&nbsp;: <a href=\"mailto:contact@eaudelure.org\">contact@eaudelure.org<\/a><\/p>\n<p>&nbsp;<\/p>\n","protected":false},"excerpt":{"rendered":"<p>Qui sommes-nous&nbsp;? Les instigateurs de ce mouvement habitent nos communes, s&rsquo;int\u00e9ressent \u00e0 leur vie citoyenne et aussi \u00e0 l&rsquo;\u00e9cologie, et \u00e0 ce titre observent avec un regard critique les d\u00e9cisions de ceux qui, \u00e0 diff\u00e9rents \u00e9tages de la hi\u00e9rarchie politique, nous gouvernent. La question de l&rsquo;eau est \u00e0 l&rsquo;origine de ce regroupement, quand nous avons lanc\u00e9 une p\u00e9tition \u00e0 l&rsquo;\u00e9t\u00e9 2023 pour aller contre l&rsquo;intention de la Communaut\u00e9 de communes Pays de Forcalquier-Montagne de Lure (la n\u00f4tre) de livrer toutes nos communes \u00e0 la Soci\u00e9t\u00e9 des eaux de Marseille. En quelques semaines nous avons recueilli 1300 signatures&nbsp;: tous ceux \u00e0<\/p>\n","protected":false},"author":2,"featured_media":0,"parent":0,"menu_order":0,"comment_status":"closed","ping_status":"closed","template":"","meta":{"advanced_seo_description":"","jetpack_seo_html_title":"","jetpack_seo_noindex":false,"footnotes":""},"class_list":["post-14","page","type-page","status-publish","hentry"],"jetpack_sharing_enabled":true,"_links":{"self":[{"href":"https:\/\/eaudelure.org\/index.php\/wp-json\/wp\/v2\/pages\/14","targetHints":{"allow":["GET"]}}],"collection":[{"href":"https:\/\/eaudelure.org\/index.php\/wp-json\/wp\/v2\/pages"}],"about":[{"href":"https:\/\/eaudelure.org\/index.php\/wp-json\/wp\/v2\/types\/page"}],"author":[{"embeddable":true,"href":"https:\/\/eaudelure.org\/index.php\/wp-json\/wp\/v2\/users\/2"}],"replies":[{"embeddable":true,"href":"https:\/\/eaudelure.org\/index.php\/wp-json\/wp\/v2\/comments?post=14"}],"version-history":[{"count":5,"href":"https:\/\/eaudelure.org\/index.php\/wp-json\/wp\/v2\/pages\/14\/revisions"}],"predecessor-version":[{"id":267,"href":"https:\/\/eaudelure.org\/index.php\/wp-json\/wp\/v2\/pages\/14\/revisions\/267"}],"wp:attachment":[{"href":"https:\/\/eaudelure.org\/index.php\/wp-json\/wp\/v2\/media?parent=14"}],"curies":[{"name":"wp","href":"https:\/\/api.w.org\/{rel}","templated":true}]}}